{"id":138,"date":"2026-04-20T14:10:06","date_gmt":"2026-04-20T14:10:06","guid":{"rendered":"https:\/\/workationbcn.com\/galeria\/"},"modified":"2026-04-20T14:18:32","modified_gmt":"2026-04-20T14:18:32","slug":"galeria","status":"publish","type":"page","link":"https:\/\/workationbcn.com\/es\/galeria\/","title":{"rendered":"Galeria"},"content":{"rendered":"<div class=\"wp-block-group alignfull is-style-ext-preset--group--natural-1--section has-background-background-color has-background has-global-padding is-layout-constrained wp-container-core-group-is-layout-f72f1611 wp-block-group-is-layout-constrained\" id=\"galeria\" style=\"margin-top:0;margin-bottom:0;padding-top:var(--wp--preset--spacing--70);padding-bottom:var(--wp--preset--spacing--70)\">\n<div class=\"wp-block-group alignwide ext-is-logical-start has-global-padding is-content-justification-left is-layout-constrained wp-container-core-group-is-layout-6729bdbe wp-block-group-is-layout-constrained\">\n<h2 class=\"wp-block-heading ext-animate--on\">Poznaj wyj\u0105tkowe miejsca Barcelony i Gda\u0144ska podczas naszych unikalnych wyjazd\u00f3w<\/h2>\n\n\n\n<p class=\"has-text-align-left ext-animate--on\" style=\"margin-top:1.5rem\">Galeria przedstawia starannie dobrane zdj\u0119cia, kt\u00f3re oddaj\u0105 klimat i unikalno\u015b\u0107 naszych program\u00f3w workation.<\/p>\n<\/div>\n\n\n\n<div class=\"wp-block-columns alignwide is-layout-flex wp-container-core-columns-is-layout-87beb0d0 wp-block-columns-is-layout-flex\">\n<div class=\"wp-block-column is-vertically-aligned-top ext-animate--on is-layout-flow wp-container-core-column-is-layout-f5bb311e wp-block-column-is-layout-flow\">\n<figure class=\"wp-block-image is-style-ext-preset--image--natural-1--image-1--content-bottom is-style-ext-preset--image--natural-1--image-1--content-bottom--2\"><img loading=\"lazy\" decoding=\"async\" width=\"1280\" height=\"720\" class=\"wp-image-153\" src=\"https:\/\/workationbcn.com\/wp-content\/uploads\/2026\/04\/dad7e8c9442b3da7ee06673ed2fa6b3f81f78c0e.jpg\" alt=\"\" style=\"aspect-ratio:1;object-fit:cover\" srcset=\"https:\/\/workationbcn.com\/wp-content\/uploads\/2026\/04\/dad7e8c9442b3da7ee06673ed2fa6b3f81f78c0e.jpg 1280w, https:\/\/workationbcn.com\/wp-content\/uploads\/2026\/04\/dad7e8c9442b3da7ee06673ed2fa6b3f81f78c0e-300x169.jpg 300w, https:\/\/workationbcn.com\/wp-content\/uploads\/2026\/04\/dad7e8c9442b3da7ee06673ed2fa6b3f81f78c0e-1024x576.jpg 1024w, https:\/\/workationbcn.com\/wp-content\/uploads\/2026\/04\/dad7e8c9442b3da7ee06673ed2fa6b3f81f78c0e-768x432.jpg 768w, https:\/\/workationbcn.com\/wp-content\/uploads\/2026\/04\/dad7e8c9442b3da7ee06673ed2fa6b3f81f78c0e-18x10.jpg 18w\" sizes=\"auto, (max-width: 1280px) 100vw, 1280px\" \/><\/figure>\n\n\n\n<figure class=\"wp-block-image is-style-ext-preset--image--natural-1--image-1--content-right is-style-ext-preset--image--natural-1--image-1--content-right--3\"><img loading=\"lazy\" decoding=\"async\" width=\"1280\" height=\"853\" class=\"wp-image-154\" src=\"https:\/\/workationbcn.com\/wp-content\/uploads\/2026\/04\/5fe21ebbc14a4006fe80cd744d1b813e1dc04eb7.jpg\" alt=\"\" style=\"aspect-ratio:4\/3;object-fit:cover\" srcset=\"https:\/\/workationbcn.com\/wp-content\/uploads\/2026\/04\/5fe21ebbc14a4006fe80cd744d1b813e1dc04eb7.jpg 1280w, https:\/\/workationbcn.com\/wp-content\/uploads\/2026\/04\/5fe21ebbc14a4006fe80cd744d1b813e1dc04eb7-300x200.jpg 300w, https:\/\/workationbcn.com\/wp-content\/uploads\/2026\/04\/5fe21ebbc14a4006fe80cd744d1b813e1dc04eb7-1024x682.jpg 1024w, https:\/\/workationbcn.com\/wp-content\/uploads\/2026\/04\/5fe21ebbc14a4006fe80cd744d1b813e1dc04eb7-768x512.jpg 768w, https:\/\/workationbcn.com\/wp-content\/uploads\/2026\/04\/5fe21ebbc14a4006fe80cd744d1b813e1dc04eb7-18x12.jpg 18w\" sizes=\"auto, (max-width: 1280px) 100vw, 1280px\" \/><\/figure>\n<\/div>\n\n\n\n<div class=\"wp-block-column is-vertically-aligned-top ext-animate--on is-layout-flow wp-container-core-column-is-layout-f5bb311e wp-block-column-is-layout-flow\">\n<figure class=\"wp-block-image is-style-ext-preset--image--natural-1--image-1--content-left is-style-ext-preset--image--natural-1--image-1--content-left--4\"><img loading=\"lazy\" decoding=\"async\" width=\"1280\" height=\"720\" class=\"wp-image-155\" src=\"https:\/\/workationbcn.com\/wp-content\/uploads\/2026\/04\/6ddc54ce26a76a50ebe355025c64aead31358e18.jpg\" alt=\"\" style=\"aspect-ratio:4\/3;object-fit:cover\" srcset=\"https:\/\/workationbcn.com\/wp-content\/uploads\/2026\/04\/6ddc54ce26a76a50ebe355025c64aead31358e18.jpg 1280w, https:\/\/workationbcn.com\/wp-content\/uploads\/2026\/04\/6ddc54ce26a76a50ebe355025c64aead31358e18-300x169.jpg 300w, https:\/\/workationbcn.com\/wp-content\/uploads\/2026\/04\/6ddc54ce26a76a50ebe355025c64aead31358e18-1024x576.jpg 1024w, https:\/\/workationbcn.com\/wp-content\/uploads\/2026\/04\/6ddc54ce26a76a50ebe355025c64aead31358e18-768x432.jpg 768w, https:\/\/workationbcn.com\/wp-content\/uploads\/2026\/04\/6ddc54ce26a76a50ebe355025c64aead31358e18-18x10.jpg 18w\" sizes=\"auto, (max-width: 1280px) 100vw, 1280px\" \/><\/figure>\n\n\n\n<figure class=\"wp-block-image is-style-ext-preset--image--natural-1--image-1--content-left is-style-ext-preset--image--natural-1--image-1--content-left--5\"><img loading=\"lazy\" decoding=\"async\" width=\"1280\" height=\"720\" class=\"wp-image-156\" src=\"https:\/\/workationbcn.com\/wp-content\/uploads\/2026\/04\/640cf32c9769be59758de230ce24f07550654969.jpg\" alt=\"\" style=\"aspect-ratio:1;object-fit:cover\" srcset=\"https:\/\/workationbcn.com\/wp-content\/uploads\/2026\/04\/640cf32c9769be59758de230ce24f07550654969.jpg 1280w, https:\/\/workationbcn.com\/wp-content\/uploads\/2026\/04\/640cf32c9769be59758de230ce24f07550654969-300x169.jpg 300w, https:\/\/workationbcn.com\/wp-content\/uploads\/2026\/04\/640cf32c9769be59758de230ce24f07550654969-1024x576.jpg 1024w, https:\/\/workationbcn.com\/wp-content\/uploads\/2026\/04\/640cf32c9769be59758de230ce24f07550654969-768x432.jpg 768w, https:\/\/workationbcn.com\/wp-content\/uploads\/2026\/04\/640cf32c9769be59758de230ce24f07550654969-18x10.jpg 18w\" sizes=\"auto, (max-width: 1280px) 100vw, 1280px\" \/><\/figure>\n<\/div>\n<\/div>\n<\/div>\n\n<div class=\"wp-block-group alignfull is-style-ext-preset--group--natural-1--section has-tertiary-background-color has-background has-global-padding is-layout-constrained wp-block-group-is-layout-constrained\" style=\"margin-top:0;margin-bottom:0;padding-top:var(--wp--preset--spacing--70);padding-bottom:var(--wp--preset--spacing--70)\">\n<div class=\"wp-block-columns alignwide are-vertically-aligned-center is-layout-flex wp-container-core-columns-is-layout-174606dc wp-block-columns-is-layout-flex\">\n<div class=\"wp-block-column is-vertically-aligned-center is-layout-flow wp-block-column-is-layout-flow\">\n<figure class=\"wp-block-image is-style-ext-preset--image--natural-1--image-1--content-right ext-animate--on is-style-ext-preset--image--natural-1--image-1--content-right--7\"><img loading=\"lazy\" decoding=\"async\" width=\"1280\" height=\"853\" class=\"wp-image-154\" src=\"https:\/\/workationbcn.com\/wp-content\/uploads\/2026\/04\/5fe21ebbc14a4006fe80cd744d1b813e1dc04eb7.jpg\" alt=\"\" style=\"aspect-ratio:1;object-fit:cover\" srcset=\"https:\/\/workationbcn.com\/wp-content\/uploads\/2026\/04\/5fe21ebbc14a4006fe80cd744d1b813e1dc04eb7.jpg 1280w, https:\/\/workationbcn.com\/wp-content\/uploads\/2026\/04\/5fe21ebbc14a4006fe80cd744d1b813e1dc04eb7-300x200.jpg 300w, https:\/\/workationbcn.com\/wp-content\/uploads\/2026\/04\/5fe21ebbc14a4006fe80cd744d1b813e1dc04eb7-1024x682.jpg 1024w, https:\/\/workationbcn.com\/wp-content\/uploads\/2026\/04\/5fe21ebbc14a4006fe80cd744d1b813e1dc04eb7-768x512.jpg 768w, https:\/\/workationbcn.com\/wp-content\/uploads\/2026\/04\/5fe21ebbc14a4006fe80cd744d1b813e1dc04eb7-18x12.jpg 18w\" sizes=\"auto, (max-width: 1280px) 100vw, 1280px\" \/><\/figure>\n<\/div>\n\n\n\n<div class=\"wp-block-column is-vertically-aligned-center is-layout-flow wp-block-column-is-layout-flow\">\n<h2 class=\"wp-block-heading ext-animate--on\">Galeria naszych wyj\u0105tkowych do\u015bwiadcze\u0144<\/h2>\n\n\n\n<div class=\"wp-block-group ext-animate--on is-nowrap is-layout-flex wp-container-core-group-is-layout-6fee25ed wp-block-group-is-layout-flex\" style=\"margin-top:24px;padding-top:0;padding-right:0;padding-bottom:0;padding-left:0\">\n<div class=\"wp-block-group is-nowrap is-layout-flex wp-container-core-group-is-layout-2ca071df wp-block-group-is-layout-flex\" style=\"padding-top:0;padding-right:0;padding-bottom:0;padding-left:0\">\n<figure class=\"wp-block-image size-large wp-container-content-c42f3963 wp-duotone-primary-foreground\"><img decoding=\"async\" src=\"data:image\/svg+xml;base64,PHN2ZyB4bWxucz0iaHR0cDovL3d3dy53My5vcmcvMjAwMC9zdmciIHdpZHRoPSIyNCIgaGVpZ2h0PSIyNCIgZmlsbD0iIzAwMDAwMCIgdmlld0JveD0iMCAwIDI1NiAyNTYiPjxwYXRoIGQ9Ik0yMDgsMzJIMTg0VjI0YTgsOCwwLDAsMC0xNiwwdjhIODhWMjRhOCw4LDAsMCwwLTE2LDB2OEg0OEExNiwxNiwwLDAsMCwzMiw0OFYyMDhhMTYsMTYsMCwwLDAsMTYsMTZIMjA4YTE2LDE2LDAsMCwwLDE2LTE2VjQ4QTE2LDE2LDAsMCwwLDIwOCwzMlpNNzIsNDh2OGE4LDgsMCwwLDAsMTYsMFY0OGg4MHY4YTgsOCwwLDAsMCwxNiwwVjQ4aDI0VjgwSDQ4VjQ4Wk0yMDgsMjA4SDQ4Vjk2SDIwOFYyMDhabS02OC03NmExMiwxMiwwLDEsMS0xMi0xMkExMiwxMiwwLDAsMSwxNDAsMTMyWm00NCwwYTEyLDEyLDAsMSwxLTEyLTEyQTEyLDEyLDAsMCwxLDE4NCwxMzJaTTk2LDE3MmExMiwxMiwwLDEsMS0xMi0xMkExMiwxMiwwLDAsMSw5NiwxNzJabTQ0LDBhMTIsMTIsMCwxLDEtMTItMTJBMTIsMTIsMCwwLDEsMTQwLDE3MlptNDQsMGExMiwxMiwwLDEsMS0xMi0xMkExMiwxMiwwLDAsMSwxODQsMTcyWiI+PC9wYXRoPjwvc3ZnPg==\" alt=\"\"\/><\/figure>\n\n\n\n<p class=\"wp-container-content-9cfa9a5a\" style=\"font-size:clamp(14px, 0.875rem + ((1vw - 3.2px) * 0.417), 18px);\">Termin:<\/p>\n<\/div>\n\n\n\n<div class=\"wp-block-group is-nowrap is-layout-flex wp-container-core-group-is-layout-2ca071df wp-block-group-is-layout-flex\" style=\"padding-top:0;padding-right:0;padding-bottom:0;padding-left:0\">\n<figure class=\"wp-block-image size-large wp-duotone-primary-foreground\"><img decoding=\"async\" src=\"data:image\/svg+xml;base64,PHN2ZyB4bWxucz0iaHR0cDovL3d3dy53My5vcmcvMjAwMC9zdmciIHdpZHRoPSIyNCIgaGVpZ2h0PSIyNCIgZmlsbD0iIzAwMDAwMCIgdmlld0JveD0iMCAwIDI1NiAyNTYiPjxwYXRoIGQ9Ik0xMjgsNjRhNDAsNDAsMCwxLDAsNDAsNDBBNDAsNDAsMCwwLDAsMTI4LDY0Wm0wLDY0YTI0LDI0LDAsMSwxLDI0LTI0QTI0LDI0LDAsMCwxLDEyOCwxMjhabTAtMTEyYTg4LjEsODguMSwwLDAsMC04OCw4OGMwLDMxLjQsMTQuNTEsNjQuNjgsNDIsOTYuMjVhMjU0LjE5LDI1NC4xOSwwLDAsMCw0MS40NSwzOC4zLDgsOCwwLDAsMCw5LjE4LDBBMjU0LjE5LDI1NC4xOSwwLDAsMCwxNzQsMjAwLjI1YzI3LjQ1LTMxLjU3LDQyLTY0Ljg1LDQyLTk2LjI1QTg4LjEsODguMSwwLDAsMCwxMjgsMTZabTAsMjA2Yy0xNi41My0xMy03Mi02MC43NS03Mi0xMThhNzIsNzIsMCwwLDEsMTQ0LDBDMjAwLDE2MS4yMywxNDQuNTMsMjA5LDEyOCwyMjJaIj48L3BhdGg+PC9zdmc+\" alt=\"\"\/><\/figure>\n\n\n\n<p class=\"wp-container-content-9cfa9a5a\" style=\"font-size:clamp(14px, 0.875rem + ((1vw - 3.2px) * 0.417), 18px);\">Miejsce:<\/p>\n<\/div>\n<\/div>\n\n\n\n<p class=\"ext-animate--on\">Zapraszamy do odkrywania niezwyk\u0142ych chwil podczas naszych starannie zaplanowanych pobyt\u00f3w w Barcelonie i Gda\u0144sku. Zobacz, jak \u0142\u0105czymy prac\u0119 z lokalnymi atrakcjami, tworz\u0105c niezapomniane wspomnienia dla ma\u0142ych grup. Ka\u017cde zdj\u0119cie opowiada histori\u0119 unikalnych prze\u017cy\u0107 dost\u0119pnych tylko dla uczestnik\u00f3w naszych program\u00f3w.<\/p>\n\n\n\n<div class=\"wp-block-buttons ext-animate--on is-layout-flex wp-block-buttons-is-layout-flex\">\n<div class=\"wp-block-button is-style-ext-preset--button--natural-1--button-1 is-style-ext-preset--button--natural-1--button-1--8\"><a class=\"wp-block-button__link wp-element-button\" href=\"https:\/\/workationbcn.com\/es\/kontakt\/\">Zobacz wi\u0119cej<\/a><\/div>\n<\/div>\n<\/div>\n<\/div>\n<\/div>\n\n<div class=\"wp-block-group alignfull is-style-ext-preset--group--natural-1--section ext-animate--on has-background-background-color has-background has-global-padding is-layout-constrained wp-container-core-group-is-layout-ab56ae29 wp-block-group-is-layout-constrained\" id=\"zarezerwuj-teraz\" style=\"margin-top:0;margin-bottom:0;padding-top:var(--wp--preset--spacing--70);padding-bottom:var(--wp--preset--spacing--70)\">\n<h2 class=\"wp-block-heading has-text-align-center ext-animate--on\">Ekskluzywne do\u015bwiadczenia w Barcelonie i Gda\u0144sku<\/h2>\n\n\n\n<p class=\"has-text-align-center ext-animate--on\" style=\"margin-top:1.5rem\">Przewodnik po sprawnej rezerwacji wyjazd\u00f3w, z pe\u0142nym zestawem informacji dla szybkiego i wygodnego planowania.<\/p>\n\n\n\n<div class=\"wp-block-group alignwide ext-animate--on has-global-padding is-layout-constrained wp-block-group-is-layout-constrained\"><div class=\"alert-container\">    <div class=\"alert alert-danger\" style=\"font-size: 16px; color: #721c24;background-color: #f8d7da;border-color: #f5c6cb; padding: 20px; border-radius: 5px;\">        <strong>Aviso:<\/strong>        Este es un widget de demostraci\u00f3n de SimplyBook.me.    <\/div><\/div><div id=\"sbw_z0hg2i_calendar\"><\/div><script type=\"text\/javascript\">function instantiateSimplyBookWidget() {    new SimplybookWidget({        \"widget_type\": \"iframe\",        \"url\": \"https:\/\/demowidgetwpplugin.simplybook.it\",        \"theme\": \"default\",        \"theme_settings\": {\"timeline_show_end_time\":false,\"timeline_hide_unavailable\":true,\"hide_past_days\":false,\"hide_img_mode\":true,\"show_sidebar\":true,\"timeline_modern_display\":\"as_slots\",\"display_item_mode\":\"block\",\"sb_base_color\":\"#171511\",\"booking_nav_bg_color\":\"#F3EFEC\",\"body_bg_color\":\"#f7f7f7\",\"dark_font_color\":\"#494949\",\"light_font_color\":\"var(--wp--custom--elements--button--color--text)\",\"btn_color_1\":\"#F3EFEC\",\"sb_company_label_color\":\"#F3EFEC\",\"sb_busy\":\"#171511\",\"sb_available\":\"var(--wp--custom--elements--button--color--background)\",\"sb_review_image\":\"\",\"hide_company_label\":false,\"link_color\":\"var(--wp--custom--elements--button--color--background)\"},        \"timeline\": \"modern\",        \"datepicker\": \"top_calendar\",        \"is_rtl\": \"\",        \"app_config\": {            \"clear_session\": \"1\",            \"allow_switch_to_ada\": \"\",            \"predefined\": [],        },        \"container_id\": \"sbw_z0hg2i_calendar\"    });}document.addEventListener(\"DOMContentLoaded\", instantiateSimplyBookWidget);document.addEventListener(\"loadSimplyBookPreviewWidget\", instantiateSimplyBookWidget);<\/script><\/div>\n<\/div>","protected":false},"excerpt":{"rendered":"<p>Poznaj wyj\u0105tkowe miejsca Barcelony i Gda\u0144ska podczas naszych unikalnych wyjazd\u00f3w Galeria przedstawia starannie dobrane zdj\u0119cia, kt\u00f3re oddaj\u0105 klimat i unikalno\u015b\u0107 naszych program\u00f3w workation. Galeria naszych wyj\u0105tkowych do\u015bwiadcze\u0144 Termin: Miejsce: Zapraszamy do odkrywania niezwyk\u0142ych chwil podczas naszych starannie zaplanowanych pobyt\u00f3w w Barcelonie i Gda\u0144sku. Zobacz, jak \u0142\u0105czymy prac\u0119 z lokalnymi atrakcjami, tworz\u0105c niezapomniane wspomnienia dla ma\u0142ych [&hellip;]<\/p>\n","protected":false},"author":1,"featured_media":0,"parent":0,"menu_order":0,"comment_status":"closed","ping_status":"closed","template":"page-with-title","meta":{"footnotes":""},"class_list":["post-138","page","type-page","status-publish","hentry"],"_links":{"self":[{"href":"https:\/\/workationbcn.com\/es\/wp-json\/wp\/v2\/pages\/138","targetHints":{"allow":["GET"]}}],"collection":[{"href":"https:\/\/workationbcn.com\/es\/wp-json\/wp\/v2\/pages"}],"about":[{"href":"https:\/\/workationbcn.com\/es\/wp-json\/wp\/v2\/types\/page"}],"author":[{"embeddable":true,"href":"https:\/\/workationbcn.com\/es\/wp-json\/wp\/v2\/users\/1"}],"replies":[{"embeddable":true,"href":"https:\/\/workationbcn.com\/es\/wp-json\/wp\/v2\/comments?post=138"}],"version-history":[{"count":2,"href":"https:\/\/workationbcn.com\/es\/wp-json\/wp\/v2\/pages\/138\/revisions"}],"predecessor-version":[{"id":157,"href":"https:\/\/workationbcn.com\/es\/wp-json\/wp\/v2\/pages\/138\/revisions\/157"}],"wp:attachment":[{"href":"https:\/\/workationbcn.com\/es\/wp-json\/wp\/v2\/media?parent=138"}],"curies":[{"name":"wp","href":"https:\/\/api.w.org\/{rel}","templated":true}]}}